{"id":4651,"date":"2018-05-22T16:04:32","date_gmt":"2018-05-22T15:04:32","guid":{"rendered":"http:\/\/www.atresh.com\/?page_id=4651"},"modified":"2018-10-08T12:41:29","modified_gmt":"2018-10-08T11:41:29","slug":"nosotros","status":"publish","type":"page","link":"https:\/\/www.atresh.com\/?page_id=4651","title":{"rendered":"Nosotros"},"content":{"rendered":"<p class=\"rh_section__desc\">\nATRESH ES UNA EMPRESA JOVEN, COMPUESTA POR UN EQUIPO MULTIDISCIPLINAR CON GRAN EXPERIENCIA EN EL MUNDO INMOBILIARIO, Y EN LA QUE SE LE DA UN TRATO PREFERENTE A LA SATISFACCI\u00d3N DE LAS NECESIDADES DE LOS CLIENTES.<\/p>\n<p>CUENTA CON EXPERTOS ESPECIALIZADOS EN MATERIA FISCAL, FINANCIERA, BANCARIA, JUR\u00cdDICA, ARQUITECT\u00d3NICA Y PERICIAL; POR LO QUE LA COMPRA DE LA VIVIENDA, LOCAL COMERCIAL, PARCELA URBANA O R\u00daSTICA, SIEMPRE ESTAR\u00c1 RESPALDADO POR LOS MEJORES PROFESIONALES CON CONOCIMIENTOS CONTRASTADOS EN LA MATERIA. EL SERVICIO INTEGRAL QUE OFRECE LA EMPRESA, AS\u00cd COMO EL TRATO PROFESIONAL Y HONESTO DE CADA COMPONENTE QUE COMPONE LA MISMA, HACE QUE LA CONTRATACI\u00d3N DEL SERVICIO DE SUS PROFESIONALES SEA UNA GARANT\u00cdA DE \u00c9XITO, EN LA QUE EL CLIENTE QUEDAR\u00c1 COMPLETAMENTE SATISFECHO DE SU ELECCI\u00d3N.<\/p>\n<p><img fetchpriority=\"high\" decoding=\"async\" class=\"aligncenter size-full wp-image-4663\" src=\"http:\/\/www.atresh.com\/wp-content\/uploads\/2018\/10\/infoi.jpg\" alt=\"\" width=\"1265\" height=\"231\" \/><\/p>\n","protected":false},"excerpt":{"rendered":"<p>ATRESH ES UNA EMPRESA JOVEN, COMPUESTA POR UN EQUIPO MULTIDISCIPLINAR CON GRAN EXPERIENCIA EN EL MUNDO INMOBILIARIO, Y EN LA QUE SE LE DA UN TRATO PREFERENTE A LA SATISFACCI\u00d3N DE LAS NECESIDADES DE LOS CLIENTES. CUENTA CON EXPERTOS ESPECIALIZADOS EN MATERIA FISCAL, FINANCIERA, BANCARIA, JUR\u00cdDICA, ARQUITECT\u00d3NICA Y PERICIAL; POR LO QUE LA COMPRA DE&#8230;<\/p>\n","protected":false},"author":4,"featured_media":0,"parent":0,"menu_order":0,"comment_status":"closed","ping_status":"closed","template":"","meta":{"footnotes":""},"class_list":["post-4651","page","type-page","status-publish","hentry"],"yoast_head":"<!-- This site is optimized with the Yoast SEO plugin v27.4 - https:\/\/yoast.com\/product\/yoast-seo-wordpress\/ -->\n<title>Nosotros &#187; ATRESH INMOBILIARIA MOGUER<\/title>\n<meta name=\"robots\" content=\"index, follow, max-snippet:-1, max-image-preview:large, max-video-preview:-1\" \/>\n<link rel=\"canonical\" href=\"https:\/\/www.atresh.com\/?page_id=4651\" \/>\n<meta property=\"og:locale\" content=\"es_ES\" \/>\n<meta property=\"og:type\" content=\"article\" \/>\n<meta property=\"og:title\" content=\"Nosotros &#187; ATRESH INMOBILIARIA MOGUER\" \/>\n<meta property=\"og:description\" content=\"ATRESH ES UNA EMPRESA JOVEN, COMPUESTA POR UN EQUIPO MULTIDISCIPLINAR CON GRAN EXPERIENCIA EN EL MUNDO INMOBILIARIO, Y EN LA QUE SE LE DA UN TRATO PREFERENTE A LA SATISFACCI\u00d3N DE LAS NECESIDADES DE LOS CLIENTES. CUENTA CON EXPERTOS ESPECIALIZADOS EN MATERIA FISCAL, FINANCIERA, BANCARIA, JUR\u00cdDICA, ARQUITECT\u00d3NICA Y PERICIAL; POR LO QUE LA COMPRA DE...\" \/>\n<meta property=\"og:url\" content=\"https:\/\/www.atresh.com\/?page_id=4651\" \/>\n<meta property=\"og:site_name\" content=\"ATRESH INMOBILIARIA MOGUER\" \/>\n<meta property=\"article:publisher\" content=\"https:\/\/www.facebook.com\/Atresh.Inmobiliaria\/?locale=es_ES\" \/>\n<meta property=\"article:modified_time\" content=\"2018-10-08T11:41:29+00:00\" \/>\n<meta property=\"og:image\" content=\"http:\/\/www.atresh.com\/wp-content\/uploads\/2018\/10\/infoi.jpg\" \/>\n<meta name=\"twitter:card\" content=\"summary_large_image\" \/>\n<meta name=\"twitter:label1\" content=\"Tiempo de lectura\" \/>\n\t<meta name=\"twitter:data1\" content=\"1 minuto\" \/>\n<script type=\"application\/ld+json\" class=\"yoast-schema-graph\">{\"@context\":\"https:\\\/\\\/schema.org\",\"@graph\":[{\"@type\":\"WebPage\",\"@id\":\"https:\\\/\\\/www.atresh.com\\\/?page_id=4651\",\"url\":\"https:\\\/\\\/www.atresh.com\\\/?page_id=4651\",\"name\":\"Nosotros &#187; ATRESH INMOBILIARIA MOGUER\",\"isPartOf\":{\"@id\":\"https:\\\/\\\/www.atresh.com\\\/#website\"},\"primaryImageOfPage\":{\"@id\":\"https:\\\/\\\/www.atresh.com\\\/?page_id=4651#primaryimage\"},\"image\":{\"@id\":\"https:\\\/\\\/www.atresh.com\\\/?page_id=4651#primaryimage\"},\"thumbnailUrl\":\"http:\\\/\\\/www.atresh.com\\\/wp-content\\\/uploads\\\/2018\\\/10\\\/infoi.jpg\",\"datePublished\":\"2018-05-22T15:04:32+00:00\",\"dateModified\":\"2018-10-08T11:41:29+00:00\",\"breadcrumb\":{\"@id\":\"https:\\\/\\\/www.atresh.com\\\/?page_id=4651#breadcrumb\"},\"inLanguage\":\"es\",\"potentialAction\":[{\"@type\":\"ReadAction\",\"target\":[\"https:\\\/\\\/www.atresh.com\\\/?page_id=4651\"]}]},{\"@type\":\"ImageObject\",\"inLanguage\":\"es\",\"@id\":\"https:\\\/\\\/www.atresh.com\\\/?page_id=4651#primaryimage\",\"url\":\"https:\\\/\\\/www.atresh.com\\\/wp-content\\\/uploads\\\/2018\\\/10\\\/infoi.jpg\",\"contentUrl\":\"https:\\\/\\\/www.atresh.com\\\/wp-content\\\/uploads\\\/2018\\\/10\\\/infoi.jpg\",\"width\":1265,\"height\":173},{\"@type\":\"BreadcrumbList\",\"@id\":\"https:\\\/\\\/www.atresh.com\\\/?page_id=4651#breadcrumb\",\"itemListElement\":[{\"@type\":\"ListItem\",\"position\":1,\"name\":\"Portada\",\"item\":\"https:\\\/\\\/www.atresh.com\\\/\"},{\"@type\":\"ListItem\",\"position\":2,\"name\":\"Nosotros\"}]},{\"@type\":\"WebSite\",\"@id\":\"https:\\\/\\\/www.atresh.com\\\/#website\",\"url\":\"https:\\\/\\\/www.atresh.com\\\/\",\"name\":\"ATRESH INMOBILIARIA MOGUER\",\"description\":\"Portal Inmobiliario de Moguer, Huelva y provincia\",\"publisher\":{\"@id\":\"https:\\\/\\\/www.atresh.com\\\/#organization\"},\"potentialAction\":[{\"@type\":\"SearchAction\",\"target\":{\"@type\":\"EntryPoint\",\"urlTemplate\":\"https:\\\/\\\/www.atresh.com\\\/?s={search_term_string}\"},\"query-input\":{\"@type\":\"PropertyValueSpecification\",\"valueRequired\":true,\"valueName\":\"search_term_string\"}}],\"inLanguage\":\"es\"},{\"@type\":\"Organization\",\"@id\":\"https:\\\/\\\/www.atresh.com\\\/#organization\",\"name\":\"Atresh\",\"url\":\"https:\\\/\\\/www.atresh.com\\\/\",\"logo\":{\"@type\":\"ImageObject\",\"inLanguage\":\"es\",\"@id\":\"https:\\\/\\\/www.atresh.com\\\/#\\\/schema\\\/logo\\\/image\\\/\",\"url\":\"https:\\\/\\\/www.atresh.com\\\/wp-content\\\/uploads\\\/2018\\\/10\\\/logoL-2.png\",\"contentUrl\":\"https:\\\/\\\/www.atresh.com\\\/wp-content\\\/uploads\\\/2018\\\/10\\\/logoL-2.png\",\"width\":283,\"height\":283,\"caption\":\"Atresh\"},\"image\":{\"@id\":\"https:\\\/\\\/www.atresh.com\\\/#\\\/schema\\\/logo\\\/image\\\/\"},\"sameAs\":[\"https:\\\/\\\/www.facebook.com\\\/Atresh.Inmobiliaria\\\/?locale=es_ES\"]}]}<\/script>\n<!-- \/ Yoast SEO plugin. -->","yoast_head_json":{"title":"Nosotros &#187; ATRESH INMOBILIARIA MOGUER","robots":{"index":"index","follow":"follow","max-snippet":"max-snippet:-1","max-image-preview":"max-image-preview:large","max-video-preview":"max-video-preview:-1"},"canonical":"https:\/\/www.atresh.com\/?page_id=4651","og_locale":"es_ES","og_type":"article","og_title":"Nosotros &#187; ATRESH INMOBILIARIA MOGUER","og_description":"ATRESH ES UNA EMPRESA JOVEN, COMPUESTA POR UN EQUIPO MULTIDISCIPLINAR CON GRAN EXPERIENCIA EN EL MUNDO INMOBILIARIO, Y EN LA QUE SE LE DA UN TRATO PREFERENTE A LA SATISFACCI\u00d3N DE LAS NECESIDADES DE LOS CLIENTES. CUENTA CON EXPERTOS ESPECIALIZADOS EN MATERIA FISCAL, FINANCIERA, BANCARIA, JUR\u00cdDICA, ARQUITECT\u00d3NICA Y PERICIAL; POR LO QUE LA COMPRA DE...","og_url":"https:\/\/www.atresh.com\/?page_id=4651","og_site_name":"ATRESH INMOBILIARIA MOGUER","article_publisher":"https:\/\/www.facebook.com\/Atresh.Inmobiliaria\/?locale=es_ES","article_modified_time":"2018-10-08T11:41:29+00:00","og_image":[{"url":"http:\/\/www.atresh.com\/wp-content\/uploads\/2018\/10\/infoi.jpg","type":"","width":"","height":""}],"twitter_card":"summary_large_image","twitter_misc":{"Tiempo de lectura":"1 minuto"},"schema":{"@context":"https:\/\/schema.org","@graph":[{"@type":"WebPage","@id":"https:\/\/www.atresh.com\/?page_id=4651","url":"https:\/\/www.atresh.com\/?page_id=4651","name":"Nosotros &#187; ATRESH INMOBILIARIA MOGUER","isPartOf":{"@id":"https:\/\/www.atresh.com\/#website"},"primaryImageOfPage":{"@id":"https:\/\/www.atresh.com\/?page_id=4651#primaryimage"},"image":{"@id":"https:\/\/www.atresh.com\/?page_id=4651#primaryimage"},"thumbnailUrl":"http:\/\/www.atresh.com\/wp-content\/uploads\/2018\/10\/infoi.jpg","datePublished":"2018-05-22T15:04:32+00:00","dateModified":"2018-10-08T11:41:29+00:00","breadcrumb":{"@id":"https:\/\/www.atresh.com\/?page_id=4651#breadcrumb"},"inLanguage":"es","potentialAction":[{"@type":"ReadAction","target":["https:\/\/www.atresh.com\/?page_id=4651"]}]},{"@type":"ImageObject","inLanguage":"es","@id":"https:\/\/www.atresh.com\/?page_id=4651#primaryimage","url":"https:\/\/www.atresh.com\/wp-content\/uploads\/2018\/10\/infoi.jpg","contentUrl":"https:\/\/www.atresh.com\/wp-content\/uploads\/2018\/10\/infoi.jpg","width":1265,"height":173},{"@type":"BreadcrumbList","@id":"https:\/\/www.atresh.com\/?page_id=4651#breadcrumb","itemListElement":[{"@type":"ListItem","position":1,"name":"Portada","item":"https:\/\/www.atresh.com\/"},{"@type":"ListItem","position":2,"name":"Nosotros"}]},{"@type":"WebSite","@id":"https:\/\/www.atresh.com\/#website","url":"https:\/\/www.atresh.com\/","name":"ATRESH INMOBILIARIA MOGUER","description":"Portal Inmobiliario de Moguer, Huelva y provincia","publisher":{"@id":"https:\/\/www.atresh.com\/#organization"},"potentialAction":[{"@type":"SearchAction","target":{"@type":"EntryPoint","urlTemplate":"https:\/\/www.atresh.com\/?s={search_term_string}"},"query-input":{"@type":"PropertyValueSpecification","valueRequired":true,"valueName":"search_term_string"}}],"inLanguage":"es"},{"@type":"Organization","@id":"https:\/\/www.atresh.com\/#organization","name":"Atresh","url":"https:\/\/www.atresh.com\/","logo":{"@type":"ImageObject","inLanguage":"es","@id":"https:\/\/www.atresh.com\/#\/schema\/logo\/image\/","url":"https:\/\/www.atresh.com\/wp-content\/uploads\/2018\/10\/logoL-2.png","contentUrl":"https:\/\/www.atresh.com\/wp-content\/uploads\/2018\/10\/logoL-2.png","width":283,"height":283,"caption":"Atresh"},"image":{"@id":"https:\/\/www.atresh.com\/#\/schema\/logo\/image\/"},"sameAs":["https:\/\/www.facebook.com\/Atresh.Inmobiliaria\/?locale=es_ES"]}]}},"jetpack_shortlink":"https:\/\/wp.me\/PalHgH-1d1","jetpack_sharing_enabled":true,"_links":{"self":[{"href":"https:\/\/www.atresh.com\/index.php?rest_route=\/wp\/v2\/pages\/4651","targetHints":{"allow":["GET"]}}],"collection":[{"href":"https:\/\/www.atresh.com\/index.php?rest_route=\/wp\/v2\/pages"}],"about":[{"href":"https:\/\/www.atresh.com\/index.php?rest_route=\/wp\/v2\/types\/page"}],"author":[{"embeddable":true,"href":"https:\/\/www.atresh.com\/index.php?rest_route=\/wp\/v2\/users\/4"}],"replies":[{"embeddable":true,"href":"https:\/\/www.atresh.com\/index.php?rest_route=%2Fwp%2Fv2%2Fcomments&post=4651"}],"version-history":[{"count":13,"href":"https:\/\/www.atresh.com\/index.php?rest_route=\/wp\/v2\/pages\/4651\/revisions"}],"predecessor-version":[{"id":5108,"href":"https:\/\/www.atresh.com\/index.php?rest_route=\/wp\/v2\/pages\/4651\/revisions\/5108"}],"wp:attachment":[{"href":"https:\/\/www.atresh.com\/index.php?rest_route=%2Fwp%2Fv2%2Fmedia&parent=4651"}],"curies":[{"name":"wp","href":"https:\/\/api.w.org\/{rel}","templated":true}]}}